{"id":3,"date":"2025-08-13T18:28:56","date_gmt":"2025-08-13T18:28:56","guid":{"rendered":"http:\/\/lamalingerie.com\/?page_id=3"},"modified":"2025-12-26T22:47:46","modified_gmt":"2025-12-26T22:47:46","slug":"privacy-policy","status":"publish","type":"page","link":"https:\/\/lamalingerie.com\/tr\/privacy-policy","title":{"rendered":"Privacy Policy"},"content":{"rendered":"<h1 class=\"wp-block-heading\" data-start=\"304\" data-end=\"329\"><strong data-start=\"306\" data-end=\"329\">Gizlilik S\u00f6zle\u015fmesi<\/strong><\/h1>\r\n<p data-start=\"331\" data-end=\"615\">Bu Gizlilik S\u00f6zle\u015fmesi, <strong data-start=\"355\" data-end=\"372\">Lama Lingerie<\/strong> (\u201c\u015eirket\u201d, \u201cBiz\u201d) taraf\u0131ndan i\u015fletilen <strong data-start=\"412\" data-end=\"441\"><a class=\"decorated-link\" href=\"https:\/\/lamalingerie.com\/tr\/?utm_source=chatgpt.com\" target=\"_new\" rel=\"noopener\" data-start=\"414\" data-end=\"439\">https:\/\/lamalingerie.com\/<\/a><\/strong> (\u201cWeb Sitesi\u201d) \u00fczerinden sunulan hizmetler s\u0131ras\u0131nda, kullan\u0131c\u0131lar\u0131n ki\u015fisel verilerinin toplanmas\u0131, kullan\u0131lmas\u0131, saklanmas\u0131 ve korunmas\u0131na ili\u015fkin esaslar\u0131 a\u00e7\u0131klamaktad\u0131r.<\/p>\r\n<p data-start=\"617\" data-end=\"735\">Web sitemizi ziyaret eden ve\/veya hizmetlerimizden faydalanan herkes, i\u015fbu Gizlilik S\u00f6zle\u015fmesi\u2019ni kabul etmi\u015f say\u0131l\u0131r.<\/p>\r\n<hr data-start=\"737\" data-end=\"740\" \/>\r\n<h2 data-start=\"742\" data-end=\"776\"><strong data-start=\"745\" data-end=\"776\">1. Toplanan Ki\u015fisel Veriler<\/strong><\/h2>\r\n<p data-start=\"778\" data-end=\"839\">Web sitemiz \u00fczerinden a\u015fa\u011f\u0131daki ki\u015fisel veriler toplanabilir:<\/p>\r\n<ul data-start=\"841\" data-end=\"1061\">\r\n<li data-start=\"841\" data-end=\"854\">\r\n<p data-start=\"843\" data-end=\"854\">Ad, soyad<\/p>\r\n<\/li>\r\n<li data-start=\"855\" data-end=\"873\">\r\n<p data-start=\"857\" data-end=\"873\">E-posta adresi<\/p>\r\n<\/li>\r\n<li data-start=\"874\" data-end=\"894\">\r\n<p data-start=\"876\" data-end=\"894\">Telefon numaras\u0131<\/p>\r\n<\/li>\r\n<li data-start=\"895\" data-end=\"924\">\r\n<p data-start=\"897\" data-end=\"924\">Teslimat ve fatura adresi<\/p>\r\n<\/li>\r\n<li data-start=\"925\" data-end=\"957\">\r\n<p data-start=\"927\" data-end=\"957\">IP adresi ve cihaz bilgileri<\/p>\r\n<\/li>\r\n<li data-start=\"958\" data-end=\"1033\">\r\n<p data-start=\"960\" data-end=\"1033\">Sipari\u015f ve \u00f6deme bilgileri (\u00f6deme altyap\u0131s\u0131 sa\u011flay\u0131c\u0131lar\u0131 arac\u0131l\u0131\u011f\u0131yla)<\/p>\r\n<\/li>\r\n<li data-start=\"1034\" data-end=\"1061\">\r\n<p data-start=\"1036\" data-end=\"1061\">\u00c7erez (cookie) verileri<\/p>\r\n<\/li>\r\n<\/ul>\r\n<hr data-start=\"1063\" data-end=\"1066\" \/>\r\n<h2 data-start=\"1068\" data-end=\"1112\"><strong data-start=\"1071\" data-end=\"1112\">2. Ki\u015fisel Verilerin Toplanma Y\u00f6ntemi<\/strong><\/h2>\r\n<p data-start=\"1114\" data-end=\"1134\">Ki\u015fisel verileriniz;<\/p>\r\n<ul data-start=\"1136\" data-end=\"1264\">\r\n<li data-start=\"1136\" data-end=\"1165\">\r\n<p data-start=\"1138\" data-end=\"1165\">\u00dcyelik ve sipari\u015f formlar\u0131,<\/p>\r\n<\/li>\r\n<li data-start=\"1166\" data-end=\"1186\">\r\n<p data-start=\"1168\" data-end=\"1186\">\u0130leti\u015fim formlar\u0131,<\/p>\r\n<\/li>\r\n<li data-start=\"1187\" data-end=\"1198\">\r\n<p data-start=\"1189\" data-end=\"1198\">\u00c7erezler,<\/p>\r\n<\/li>\r\n<li data-start=\"1199\" data-end=\"1264\">\r\n<p data-start=\"1201\" data-end=\"1264\">Web sitesi kullan\u0131m\u0131n\u0131z s\u0131ras\u0131nda otomatik veya manuel yollarla<\/p>\r\n<\/li>\r\n<\/ul>\r\n<p data-start=\"1266\" data-end=\"1281\">toplanmaktad\u0131r.<\/p>\r\n<hr data-start=\"1283\" data-end=\"1286\" \/>\r\n<h2 data-start=\"1288\" data-end=\"1333\"><strong data-start=\"1291\" data-end=\"1333\">3. Ki\u015fisel Verilerin Kullan\u0131m Ama\u00e7lar\u0131<\/strong><\/h2>\r\n<p data-start=\"1335\" data-end=\"1397\">Toplanan ki\u015fisel veriler a\u015fa\u011f\u0131daki ama\u00e7larla kullan\u0131lmaktad\u0131r:<\/p>\r\n<ul data-start=\"1399\" data-end=\"1778\">\r\n<li data-start=\"1399\" data-end=\"1457\">\r\n<p data-start=\"1401\" data-end=\"1457\">Sipari\u015flerin al\u0131nmas\u0131, haz\u0131rlanmas\u0131 ve teslim edilmesi<\/p>\r\n<\/li>\r\n<li data-start=\"1458\" data-end=\"1499\">\r\n<p data-start=\"1460\" data-end=\"1499\">\u00d6deme i\u015flemlerinin ger\u00e7ekle\u015ftirilmesi<\/p>\r\n<\/li>\r\n<li data-start=\"1500\" data-end=\"1540\">\r\n<p data-start=\"1502\" data-end=\"1540\">M\u00fc\u015fteri hizmetleri deste\u011fi sunulmas\u0131<\/p>\r\n<\/li>\r\n<li data-start=\"1541\" data-end=\"1593\">\r\n<p data-start=\"1543\" data-end=\"1593\">Kullan\u0131c\u0131 hesab\u0131n\u0131n olu\u015fturulmas\u0131 ve y\u00f6netilmesi<\/p>\r\n<\/li>\r\n<li data-start=\"1594\" data-end=\"1663\">\r\n<p data-start=\"1596\" data-end=\"1663\">Kampanya, duyuru ve bilgilendirme yap\u0131lmas\u0131 (kullan\u0131c\u0131 onay\u0131 ile)<\/p>\r\n<\/li>\r\n<li data-start=\"1664\" data-end=\"1708\">\r\n<p data-start=\"1666\" data-end=\"1708\">Yasal y\u00fck\u00fcml\u00fcl\u00fcklerin yerine getirilmesi<\/p>\r\n<\/li>\r\n<li data-start=\"1709\" data-end=\"1778\">\r\n<p data-start=\"1711\" data-end=\"1778\">Web sitesi performans\u0131n\u0131n ve kullan\u0131c\u0131 deneyiminin geli\u015ftirilmesi<\/p>\r\n<\/li>\r\n<\/ul>\r\n<hr data-start=\"1780\" data-end=\"1783\" \/>\r\n<h2 data-start=\"1785\" data-end=\"1825\"><strong data-start=\"1788\" data-end=\"1825\">4. Ki\u015fisel Verilerin Payla\u015f\u0131lmas\u0131<\/strong><\/h2>\r\n<p data-start=\"1827\" data-end=\"1847\">Ki\u015fisel verileriniz;<\/p>\r\n<ul data-start=\"1849\" data-end=\"1978\">\r\n<li data-start=\"1849\" data-end=\"1879\">\r\n<p data-start=\"1851\" data-end=\"1879\">Kargo ve lojistik firmalar\u0131,<\/p>\r\n<\/li>\r\n<li data-start=\"1880\" data-end=\"1912\">\r\n<p data-start=\"1882\" data-end=\"1912\">\u00d6deme altyap\u0131s\u0131 sa\u011flay\u0131c\u0131lar\u0131,<\/p>\r\n<\/li>\r\n<li data-start=\"1913\" data-end=\"1942\">\r\n<p data-start=\"1915\" data-end=\"1942\">Hukuki ve mali dan\u0131\u015fmanlar,<\/p>\r\n<\/li>\r\n<li data-start=\"1943\" data-end=\"1978\">\r\n<p data-start=\"1945\" data-end=\"1978\">Yetkili kamu kurum ve kurulu\u015flar\u0131<\/p>\r\n<\/li>\r\n<\/ul>\r\n<p data-start=\"1980\" data-end=\"2063\">ile <strong data-start=\"1984\" data-end=\"2018\">yaln\u0131zca gerekli oldu\u011fu \u00f6l\u00e7\u00fcde<\/strong> ve <strong data-start=\"2022\" data-end=\"2047\">KVKK\u2019ya uygun \u015fekilde<\/strong> payla\u015f\u0131labilir.<\/p>\r\n<hr data-start=\"2065\" data-end=\"2068\" \/>\r\n<h2 data-start=\"2070\" data-end=\"2107\"><strong data-start=\"2073\" data-end=\"2107\">5. Ki\u015fisel Verilerin Korunmas\u0131<\/strong><\/h2>\r\n<p data-start=\"2109\" data-end=\"2347\">\u015eirketimiz, ki\u015fisel verilerinizin gizlili\u011fini ve g\u00fcvenli\u011fini sa\u011flamak i\u00e7in gerekli <strong data-start=\"2192\" data-end=\"2232\">teknik ve idari g\u00fcvenlik \u00f6nlemlerini<\/strong> almaktad\u0131r. Yetkisiz eri\u015fim, veri kayb\u0131 veya k\u00f6t\u00fcye kullan\u0131m\u0131n \u00f6nlenmesi i\u00e7in makul t\u00fcm tedbirler uygulanmaktad\u0131r.<\/p>\r\n<hr data-start=\"2349\" data-end=\"2352\" \/>\r\n<h2 data-start=\"2354\" data-end=\"2382\"><strong data-start=\"2357\" data-end=\"2382\">6. \u00c7erezler (Cookies)<\/strong><\/h2>\r\n<p data-start=\"2384\" data-end=\"2652\">Web sitemizde kullan\u0131c\u0131 deneyimini geli\u015ftirmek amac\u0131yla \u00e7erezler kullan\u0131lmaktad\u0131r. \u00c7erezler, taray\u0131c\u0131 ayarlar\u0131 \u00fczerinden kontrol edilebilir veya devre d\u0131\u015f\u0131 b\u0131rak\u0131labilir. Ancak \u00e7erezlerin devre d\u0131\u015f\u0131 b\u0131rak\u0131lmas\u0131, sitenin baz\u0131 i\u015flevlerinin k\u0131s\u0131tlanmas\u0131na neden olabilir.<\/p>\r\n<hr data-start=\"2654\" data-end=\"2657\" \/>\r\n<h2 data-start=\"2659\" data-end=\"2697\"><strong data-start=\"2662\" data-end=\"2697\">7. KVKK Kapsam\u0131ndaki Haklar\u0131n\u0131z<\/strong><\/h2>\r\n<p data-start=\"2699\" data-end=\"2768\">6698 say\u0131l\u0131 Ki\u015fisel Verilerin Korunmas\u0131 Kanunu uyar\u0131nca kullan\u0131c\u0131lar;<\/p>\r\n<ul data-start=\"2770\" data-end=\"3027\">\r\n<li data-start=\"2770\" data-end=\"2822\">\r\n<p data-start=\"2772\" data-end=\"2822\">Ki\u015fisel verilerinin i\u015flenip i\u015flenmedi\u011fini \u00f6\u011frenme,<\/p>\r\n<\/li>\r\n<li data-start=\"2823\" data-end=\"2866\">\r\n<p data-start=\"2825\" data-end=\"2866\">\u0130\u015flenmi\u015fse buna ili\u015fkin bilgi talep etme,<\/p>\r\n<\/li>\r\n<li data-start=\"2867\" data-end=\"2927\">\r\n<p data-start=\"2869\" data-end=\"2927\">Yanl\u0131\u015f veya eksik i\u015flenen verilerin d\u00fczeltilmesini isteme,<\/p>\r\n<\/li>\r\n<li data-start=\"2928\" data-end=\"2991\">\r\n<p data-start=\"2930\" data-end=\"2991\">Ki\u015fisel verilerin silinmesini veya yok edilmesini talep etme,<\/p>\r\n<\/li>\r\n<li data-start=\"2992\" data-end=\"3027\">\r\n<p data-start=\"2994\" data-end=\"3027\">\u0130\u015fleme faaliyetlerine itiraz etme<\/p>\r\n<\/li>\r\n<\/ul>\r\n<p data-start=\"3029\" data-end=\"3048\">haklar\u0131na sahiptir.<\/p>\r\n<p data-start=\"3050\" data-end=\"3113\">Bu haklar\u0131n\u0131z\u0131 kullanmak i\u00e7in bizimle ileti\u015fime ge\u00e7ebilirsiniz.<\/p>\r\n<hr data-start=\"3115\" data-end=\"3118\" \/>\r\n<h2 data-start=\"3120\" data-end=\"3151\"><strong data-start=\"3123\" data-end=\"3151\">8. S\u00f6zle\u015fmede De\u011fi\u015fiklik<\/strong><\/h2>\r\n<p data-start=\"3153\" data-end=\"3330\">\u015eirketimiz, i\u015fbu Gizlilik S\u00f6zle\u015fmesi\u2019nde gerekli g\u00f6rd\u00fc\u011f\u00fc zamanlarda de\u011fi\u015fiklik yapma hakk\u0131n\u0131 sakl\u0131 tutar. G\u00fcncel metin web sitemizde yay\u0131mland\u0131\u011f\u0131 tarihten itibaren ge\u00e7erli olur.<\/p>\r\n<hr data-start=\"3332\" data-end=\"3335\" \/>\r\n<h2 data-start=\"3337\" data-end=\"3355\"><strong data-start=\"3340\" data-end=\"3355\">9. \u0130leti\u015fim<\/strong><\/h2>\r\n<p data-start=\"3357\" data-end=\"3487\">Gizlilik politikam\u0131z ile ilgili her t\u00fcrl\u00fc soru ve talepleriniz i\u00e7in bizimle a\u015fa\u011f\u0131daki kanallar \u00fczerinden ileti\u015fime ge\u00e7ebilirsiniz:<\/p>\r\n<p data-start=\"3489\" data-end=\"3566\">\ud83d\udce7 <strong data-start=\"3492\" data-end=\"3504\">E-posta:<\/strong> <a class=\"decorated-link cursor-pointer\" rel=\"noopener\" data-start=\"3505\" data-end=\"3526\">info@lamalingerie.com<\/a><br data-start=\"3526\" data-end=\"3529\" \/>\ud83c\udf10 <strong data-start=\"3532\" data-end=\"3540\">Web:<\/strong> <a class=\"decorated-link\" href=\"https:\/\/lamalingerie.com\/tr\/?utm_source=chatgpt.com\" target=\"_new\" rel=\"noopener\" data-start=\"3541\" data-end=\"3566\">https:\/\/lamalingerie.com\/<\/a><\/p>","protected":false},"excerpt":{"rendered":"<p>Gizlilik S\u00f6zle\u015fmesi Bu Gizlilik S\u00f6zle\u015fmesi, Lama Lingerie (\u201c\u015eirket\u201d, \u201cBiz\u201d) taraf\u0131ndan i\u015fletilen https:\/\/lamalingerie.com\/ (\u201cWeb Sitesi\u201d) \u00fczerinden sunulan hizmetler s\u0131ras\u0131nda, kullan\u0131c\u0131lar\u0131n ki\u015fisel<\/p>","protected":false},"author":1,"featured_media":0,"parent":0,"menu_order":0,"comment_status":"closed","ping_status":"open","template":"","meta":{"footnotes":""},"class_list":["post-3","page","type-page","status-publish","hentry"],"_links":{"self":[{"href":"https:\/\/lamalingerie.com\/tr\/wp-json\/wp\/v2\/pages\/3","targetHints":{"allow":["GET"]}}],"collection":[{"href":"https:\/\/lamalingerie.com\/tr\/wp-json\/wp\/v2\/pages"}],"about":[{"href":"https:\/\/lamalingerie.com\/tr\/wp-json\/wp\/v2\/types\/page"}],"author":[{"embeddable":true,"href":"https:\/\/lamalingerie.com\/tr\/wp-json\/wp\/v2\/users\/1"}],"replies":[{"embeddable":true,"href":"https:\/\/lamalingerie.com\/tr\/wp-json\/wp\/v2\/comments?post=3"}],"version-history":[{"count":2,"href":"https:\/\/lamalingerie.com\/tr\/wp-json\/wp\/v2\/pages\/3\/revisions"}],"predecessor-version":[{"id":30183,"href":"https:\/\/lamalingerie.com\/tr\/wp-json\/wp\/v2\/pages\/3\/revisions\/30183"}],"wp:attachment":[{"href":"https:\/\/lamalingerie.com\/tr\/wp-json\/wp\/v2\/media?parent=3"}],"curies":[{"name":"wp","href":"https:\/\/api.w.org\/{rel}","templated":true}]}}