{"id":30178,"date":"2025-12-26T22:40:16","date_gmt":"2025-12-26T22:40:16","guid":{"rendered":"https:\/\/lamalingerie.com\/?page_id=30178"},"modified":"2025-12-26T22:40:16","modified_gmt":"2025-12-26T22:40:16","slug":"hakkimizda","status":"publish","type":"page","link":"https:\/\/lamalingerie.com\/tr\/hakkimizda","title":{"rendered":"Hakk\u0131m\u0131zda"},"content":{"rendered":"<h2 data-start=\"334\" data-end=\"351\"><strong data-start=\"337\" data-end=\"351\">Hakk\u0131m\u0131zda<\/strong><\/h2>\n<p data-start=\"353\" data-end=\"638\"><strong data-start=\"353\" data-end=\"370\">Lama Lingerie<\/strong>, zarafeti ve g\u00fcnl\u00fck konforu bir araya getiren kad\u0131n i\u00e7 giyim \u00fcr\u00fcnleri sunan modern bir online ma\u011fazad\u0131r. Her kad\u0131n i\u00e7in kendine g\u00fcven, \u015f\u0131kl\u0131k ve rahatl\u0131\u011f\u0131 temel alarak tasarlanm\u0131\u015f i\u00e7 giyim koleksiyonlar\u0131m\u0131zla, kaliteli \u00fcr\u00fcnleri kolay ula\u015f\u0131labilir k\u0131lmay\u0131 ama\u00e7l\u0131yoruz.<\/p>\n<p data-start=\"640\" data-end=\"938\">M\u00fc\u015fterilerimizin beklentilerini anlamak ve onlara en iyi al\u0131\u015fveri\u015f deneyimini ya\u015fatmak, i\u015fimizin merkezinde yer al\u0131r. G\u00fcncel moda trendlerini yak\u0131ndan takip ederek her sezon yenilenen koleksiyonlar\u0131m\u0131z\u0131 \u00f6zenle haz\u0131rl\u0131yor; konforlu kuma\u015flar, estetik detaylar ve dayan\u0131kl\u0131 i\u015f\u00e7ilikle bulu\u015fturuyoruz.<\/p>\n<p data-start=\"940\" data-end=\"1262\">Online ma\u011fazam\u0131zda yer alan \u00fcr\u00fcnler aras\u0131ndan se\u00e7im yaparken, sadece \u015f\u0131kl\u0131\u011fa de\u011fil ayn\u0131 zamanda <strong data-start=\"1036\" data-end=\"1067\">g\u00fcnl\u00fck kullan\u0131mda rahatl\u0131\u011fa<\/strong> da \u00f6nem verdi\u011fimizi g\u00f6receksiniz. \u0130ster g\u00fcnl\u00fck ya\u015famda ister \u00f6zel anlarda, do\u011fru i\u00e7 giyim tercihinin bir kad\u0131n\u0131n kendini daha g\u00fc\u00e7l\u00fc, \u00f6zg\u00fcr ve \u00f6zel hissetmesine nas\u0131l katk\u0131 sa\u011flad\u0131\u011f\u0131n\u0131 biliyoruz.<\/p>\n<p data-start=\"1264\" data-end=\"1389\">M\u00fc\u015fteri memnuniyeti bizim i\u00e7in \u00f6nceliklidir. Sorular\u0131n\u0131z veya ihtiya\u00e7lar\u0131n\u0131z i\u00e7in her zaman bizimle ileti\u015fime ge\u00e7ebilirsiniz.<\/p>\n<hr data-start=\"1391\" data-end=\"1394\" \/>\n<h3 data-start=\"1396\" data-end=\"1414\"><strong data-start=\"1400\" data-end=\"1414\">Vizyonumuz<\/strong><\/h3>\n<p data-start=\"1416\" data-end=\"1554\">Kad\u0131n i\u00e7 giyimi alan\u0131nda kalite ve g\u00fcvenilirli\u011fiyle tercih edilen, \u00f6zg\u00fcn tasar\u0131mlar\u0131yla her kad\u0131n\u0131n gard\u0131robunda yer eden bir marka olmak.<\/p>\n<h3 data-start=\"1556\" data-end=\"1574\"><strong data-start=\"1560\" data-end=\"1574\">Misyonumuz<\/strong><\/h3>\n<ul data-start=\"1576\" data-end=\"1846\">\n<li data-start=\"1576\" data-end=\"1667\">\n<p data-start=\"1578\" data-end=\"1667\">Y\u00fcksek kaliteli ve konforlu i\u00e7 giyim \u00fcr\u00fcnlerini herkes i\u00e7in ula\u015f\u0131labilir h\u00e2le getirmek,<\/p>\n<\/li>\n<li data-start=\"1668\" data-end=\"1751\">\n<p data-start=\"1670\" data-end=\"1751\">M\u00fc\u015fteri odakl\u0131 hizmet anlay\u0131\u015f\u0131yla her al\u0131\u015fveri\u015fte g\u00fcven ve memnuniyet sa\u011flamak,<\/p>\n<\/li>\n<li data-start=\"1752\" data-end=\"1846\">\n<p data-start=\"1754\" data-end=\"1846\">Moda trendlerini takip eden ve yenilik\u00e7i koleksiyonlar sunan bir marka olarak fark yaratmak.<\/p>\n<\/li>\n<\/ul>","protected":false},"excerpt":{"rendered":"<p>Hakk\u0131m\u0131zda Lama Lingerie, zarafeti ve g\u00fcnl\u00fck konforu bir araya getiren kad\u0131n i\u00e7 giyim \u00fcr\u00fcnleri sunan modern bir online ma\u011fazad\u0131r. Her<\/p>","protected":false},"author":1,"featured_media":0,"parent":0,"menu_order":0,"comment_status":"closed","ping_status":"closed","template":"","meta":{"footnotes":""},"class_list":["post-30178","page","type-page","status-publish","hentry"],"_links":{"self":[{"href":"https:\/\/lamalingerie.com\/tr\/wp-json\/wp\/v2\/pages\/30178","targetHints":{"allow":["GET"]}}],"collection":[{"href":"https:\/\/lamalingerie.com\/tr\/wp-json\/wp\/v2\/pages"}],"about":[{"href":"https:\/\/lamalingerie.com\/tr\/wp-json\/wp\/v2\/types\/page"}],"author":[{"embeddable":true,"href":"https:\/\/lamalingerie.com\/tr\/wp-json\/wp\/v2\/users\/1"}],"replies":[{"embeddable":true,"href":"https:\/\/lamalingerie.com\/tr\/wp-json\/wp\/v2\/comments?post=30178"}],"version-history":[{"count":2,"href":"https:\/\/lamalingerie.com\/tr\/wp-json\/wp\/v2\/pages\/30178\/revisions"}],"predecessor-version":[{"id":30180,"href":"https:\/\/lamalingerie.com\/tr\/wp-json\/wp\/v2\/pages\/30178\/revisions\/30180"}],"wp:attachment":[{"href":"https:\/\/lamalingerie.com\/tr\/wp-json\/wp\/v2\/media?parent=30178"}],"curies":[{"name":"wp","href":"https:\/\/api.w.org\/{rel}","templated":true}]}}